

{"id":12,"date":"2024-05-19T02:15:10","date_gmt":"2024-05-19T00:15:10","guid":{"rendered":"https:\/\/sol-hydro.com\/?page_id=12"},"modified":"2025-08-10T15:39:16","modified_gmt":"2025-08-10T13:39:16","slug":"moulin-de-las-graoures","status":"publish","type":"page","link":"https:\/\/sol-hydro.com\/index.php\/moulin-de-las-graoures\/","title":{"rendered":"Moulin de Las Graoures"},"content":{"rendered":"\n<p><strong>Histoire du lieu<\/strong><\/p>\n\n\n\n<p>Le site est install\u00e9 en d\u00e9rivation du cours d\u2019eau le Ger, route de Soueich \u00e0 1,3 km au nord-ouest du centre historique d\u2019Aspet.<\/p>\n\n\n\n<p>Un droit fond\u00e9 sur titre est un droit \u00e9tabli par un titre r\u00e8glementant les ouvrages et r\u00e9dig\u00e9 entre 1790 et 1919.<\/p>\n\n\n\n<p><strong><u>1880&nbsp;<\/u><\/strong>: Sieur Nigoul, n\u00e9gociant de l\u2019\u00e9poque, re\u00e7oit par arr\u00eat\u00e9 pr\u00e9fectoral le droit de d\u00e9buter les travaux de son usine hydraulique et scierie sur les parcelles o\u00f9 se situent les ouvrages hydrauliques actuels (cf cadastre Napol\u00e9onien ville d\u2019Aspet)<\/p>\n\n\n\n<figure class=\"wp-block-image size-full\"><img loading=\"lazy\" decoding=\"async\" width=\"987\" height=\"356\" src=\"https:\/\/sol-hydro.com\/wp-content\/uploads\/2025\/04\/image.png\" alt=\"\" class=\"wp-image-380\" srcset=\"https:\/\/sol-hydro.com\/wp-content\/uploads\/2025\/04\/image.png 987w, https:\/\/sol-hydro.com\/wp-content\/uploads\/2025\/04\/image-300x108.png 300w\" sizes=\"auto, (max-width: 987px) 100vw, 987px\" \/><\/figure>\n\n\n\n<p><strong><u>1911<\/u><\/strong>&nbsp;: le plan cadastral informe du changement de propri\u00e9taire Mr Castex suite \u00e0 une demande de r\u00e9vision d\u2019un arr\u00eat\u00e9 sur les travaux d\u00e9j\u00e0 d\u00e9but\u00e9s. Il d\u00e9tenait une usine hydraulique en rive gauche \u00e9galement, aujourd\u2019hui disparue (fig. 19)<br><\/p>\n\n\n\n<figure class=\"wp-block-image size-full wp-duotone-unset-1\"><img loading=\"lazy\" decoding=\"async\" width=\"983\" height=\"819\" src=\"https:\/\/sol-hydro.com\/wp-content\/uploads\/2025\/04\/image-1.png\" alt=\"\" class=\"wp-image-381\" srcset=\"https:\/\/sol-hydro.com\/wp-content\/uploads\/2025\/04\/image-1.png 983w, https:\/\/sol-hydro.com\/wp-content\/uploads\/2025\/04\/image-1-300x250.png 300w\" sizes=\"auto, (max-width: 983px) 100vw, 983px\" \/><\/figure>\n\n\n\n<p>Durant la 2<sup>nde<\/sup> guerre mondiale&nbsp;: &nbsp;Mr Delavall\u00e9e industriel devient le propri\u00e9taire de l\u2019usine hydraulique et des parcelles<\/p>\n\n\n\n<p><strong><u>03 ao\u00fbt 1962<\/u><\/strong>&nbsp;: nouveau propri\u00e9taire Mme Juliette Bonet entrepreneuse en menuiserie veuve de Mr Louis. C\u2019est la Scierie Louis et Fils qui continuera d\u2019exploiter les ouvrages hydrauliques et la scierie.<\/p>\n\n\n\n<p><em>Un rappel historique<\/em>&nbsp;: Avant que la soci\u00e9t\u00e9 de consommation envahisse nos villes et campagnes de r\u00e9frig\u00e9rateurs et cong\u00e9lateurs, la glace, si utile \u00e0 la conservation des aliments, \u00e9tait fabriqu\u00e9e dans une annexe de la fabrique de parquets \u00ab&nbsp;LOUIS Juliette et Fils&nbsp;\u00bb plus connue sous le nom de son ancien propri\u00e9taire \u00ab&nbsp;Delavall\u00e9e&nbsp;\u00bb. Celui-ci rappelons-le a \u00e9t\u00e9 le 1<sup>er<\/sup> industriel a achet\u00e9 ce moulin.<\/p>\n\n\n\n<p>Les eaux du Ger n\u00e9cessaires au bon fonctionnement de cette fabrique \u00e9taient la mati\u00e8re premi\u00e8re dans la fabrication de la glace. A cette \u00ab&nbsp;belle&nbsp;\u00bb \u00e9poque, l\u2019eau qui descendaient des montagnes environnantes n\u2019avaient rien \u00e0 voir avec celle de nos jours il y avait beaucoup moins de pollutions et l\u2019eau \u00e9tait potable.<\/p>\n\n\n\n<p>Mr Pierre Bachichet en \u00e9tait le ma\u00eetre d\u2019\u0153uvre tout en effectuant son travail d\u2019ouvrier dans la fabrique ainsi qu\u2019en \u00e9tant le gardien des lieux ce qui lui permis d\u2019occuper le site en y r\u00e9sidant \u00e9galement jusqu\u2019\u00e0 la mise en vente des lieux. Il a tenu sa fonction de fabrication de glace pendant une dizaine d\u2019ann\u00e9es jusqu\u2019\u00e0 la cessation de son activit\u00e9 vers 1966 avec l\u2019accru des ventes d\u2019appareils frigorifiques.<\/p>\n\n\n\n<p>Gr\u00e2ce \u00e0 la fabrication de moules, Mr Bachichet remplissait les diff\u00e9rents moules d\u2019eau puis les disposait dans un bain de saumure le tout recouvert par une grande planche. Le saumure, solution aqueuse de sel, permettait par son action chimique associ\u00e9 au jeu d\u2019un compresseur en cuivre, d\u2019o\u00f9 sortait un gaz froid une combinaison id\u00e9ale pour que la glace se forme. Cette activit\u00e9 glaci\u00e8re permettait de venir en aide aux boucheries, charcuteries, boulangeries mais aussi cafetiers locaux leur prodiguant des b\u00e2tons gel\u00e9s indispensables \u00e0 leurs activit\u00e9s respectives tout en gardant sa 1<sup>\u00e8re<\/sup> place lors des f\u00eates locales&nbsp;! Ne dit-on pas que la glace permet de retrouver ses joies d\u2019enfance&nbsp;? Elle m\u00e9riterait que l\u2019on le lui conc\u00e8de ce privil\u00e8ge \u2026 (Source <a href=\"https:\/\/aspet.blogs.fr\/\">https:\/\/aspet.blogs.fr\/<\/a>)<\/p>\n\n\n\n<p><strong><u>Juin 2024<\/u><\/strong>&nbsp;: nouveau propri\u00e9taire Mr Di\u00e9go van der Kelen qui a pour projet de r\u00e9habiliter l\u2019ouvrage hydraulique en barrage hydro\u00e9lectrique et de permettre \u00e0 ce lieu de rena\u00eetre. Voici le nouveau projet \u00e0 venir&nbsp;:<\/p>\n\n\n\n<p><\/p>\n\n\n\n<figure class=\"wp-block-image size-large\"><img loading=\"lazy\" decoding=\"async\" width=\"1024\" height=\"768\" src=\"https:\/\/sol-hydro.com\/wp-content\/uploads\/2025\/04\/IMG_2723-1024x768.jpg\" alt=\"\" class=\"wp-image-370\" srcset=\"https:\/\/sol-hydro.com\/wp-content\/uploads\/2025\/04\/IMG_2723-1024x768.jpg 1024w, https:\/\/sol-hydro.com\/wp-content\/uploads\/2025\/04\/IMG_2723-300x225.jpg 300w, https:\/\/sol-hydro.com\/wp-content\/uploads\/2025\/04\/IMG_2723-2000x1500.jpg 2000w\" sizes=\"auto, (max-width: 1024px) 100vw, 1024px\" \/><\/figure>\n\n\n\n<figure class=\"wp-block-image size-large\"><img loading=\"lazy\" decoding=\"async\" width=\"1024\" height=\"768\" src=\"https:\/\/sol-hydro.com\/wp-content\/uploads\/2025\/04\/IMG_2741-1024x768.jpg\" alt=\"\" class=\"wp-image-368\" srcset=\"https:\/\/sol-hydro.com\/wp-content\/uploads\/2025\/04\/IMG_2741-1024x768.jpg 1024w, https:\/\/sol-hydro.com\/wp-content\/uploads\/2025\/04\/IMG_2741-300x225.jpg 300w, https:\/\/sol-hydro.com\/wp-content\/uploads\/2025\/04\/IMG_2741-2000x1500.jpg 2000w\" sizes=\"auto, (max-width: 1024px) 100vw, 1024px\" \/><\/figure>\n\n\n\n<figure class=\"wp-block-image size-large\"><img loading=\"lazy\" decoding=\"async\" width=\"1024\" height=\"768\" src=\"http:\/\/sol-hydro.com\/wp-content\/uploads\/2025\/07\/1-1024x768.png\" alt=\"\" class=\"wp-image-393\" srcset=\"https:\/\/sol-hydro.com\/wp-content\/uploads\/2025\/07\/1-1024x768.png 1024w, https:\/\/sol-hydro.com\/wp-content\/uploads\/2025\/07\/1-300x225.png 300w, https:\/\/sol-hydro.com\/wp-content\/uploads\/2025\/07\/1-2000x1500.png 2000w\" sizes=\"auto, (max-width: 1024px) 100vw, 1024px\" \/><\/figure>\n\n\n\n<figure class=\"wp-block-image size-large is-resized\"><img loading=\"lazy\" decoding=\"async\" width=\"1024\" height=\"768\" src=\"http:\/\/sol-hydro.com\/wp-content\/uploads\/2024\/05\/IMG_1700-1024x768.jpg\" alt=\"\" class=\"wp-image-32\" style=\"width:1023px;height:auto\" srcset=\"https:\/\/sol-hydro.com\/wp-content\/uploads\/2024\/05\/IMG_1700-1024x768.jpg 1024w, https:\/\/sol-hydro.com\/wp-content\/uploads\/2024\/05\/IMG_1700-300x225.jpg 300w, https:\/\/sol-hydro.com\/wp-content\/uploads\/2024\/05\/IMG_1700-2000x1500.jpg 2000w\" sizes=\"auto, (max-width: 1024px) 100vw, 1024px\" \/><\/figure>\n\n\n\n<p>Vous pourrez constater sur la photo de gauche 2 syst\u00e8me diff\u00e9rent :<\/p>\n\n\n\n<p>Le premier est l&#8217;arbre vertical avec son engrenage cass\u00e9 sur le dessus. Celui-ci servait \u00e0 convertir la force de l&#8217;eau vertical (qui s&#8217;\u00e9coulait par des ouverture en contre bas) en, force horizontal pour ensuite \u00eatre transmit au machine de la scierie via des courroies.<\/p>\n\n\n\n<p>Le deuxi\u00e8me est une turbine dans le fond derri\u00e8re l&#8217;\u00e9chelle et qui transmet la force de l&#8217;eau a une roue, puis \u00e0 la g\u00e9n\u00e9ratrice pour produire de l&#8217;\u00e9lectricit\u00e9.<\/p>\n\n\n\n<figure class=\"wp-block-gallery has-nested-images columns-default is-cropped wp-block-gallery-2 is-layout-flex wp-block-gallery-is-layout-flex\">\n<figure class=\"wp-block-image size-large\"><img loading=\"lazy\" decoding=\"async\" width=\"768\" height=\"1024\" data-id=\"411\" src=\"https:\/\/sol-hydro.com\/wp-content\/uploads\/2025\/08\/IMG_3513-2-768x1024.jpg\" alt=\"\" class=\"wp-image-411\" srcset=\"https:\/\/sol-hydro.com\/wp-content\/uploads\/2025\/08\/IMG_3513-2-768x1024.jpg 768w, https:\/\/sol-hydro.com\/wp-content\/uploads\/2025\/08\/IMG_3513-2-225x300.jpg 225w, https:\/\/sol-hydro.com\/wp-content\/uploads\/2025\/08\/IMG_3513-2-2000x2667.jpg 2000w, https:\/\/sol-hydro.com\/wp-content\/uploads\/2025\/08\/IMG_3513-2-scaled.jpg 1920w\" sizes=\"auto, (max-width: 768px) 100vw, 768px\" \/><\/figure>\n\n\n\n<figure class=\"wp-block-image size-large\"><img loading=\"lazy\" decoding=\"async\" width=\"768\" height=\"1024\" data-id=\"34\" src=\"http:\/\/sol-hydro.com\/wp-content\/uploads\/2024\/05\/IMG_1701-768x1024.jpg\" alt=\"\" class=\"wp-image-34\" srcset=\"https:\/\/sol-hydro.com\/wp-content\/uploads\/2024\/05\/IMG_1701-768x1024.jpg 768w, https:\/\/sol-hydro.com\/wp-content\/uploads\/2024\/05\/IMG_1701-225x300.jpg 225w, https:\/\/sol-hydro.com\/wp-content\/uploads\/2024\/05\/IMG_1701-2000x2667.jpg 2000w, https:\/\/sol-hydro.com\/wp-content\/uploads\/2024\/05\/IMG_1701-scaled.jpg 1920w\" sizes=\"auto, (max-width: 768px) 100vw, 768px\" \/><\/figure>\n<\/figure>\n\n\n\n<figure class=\"wp-block-image aligncenter size-large is-resized\"><img loading=\"lazy\" decoding=\"async\" width=\"1024\" height=\"768\" src=\"https:\/\/sol-hydro.com\/wp-content\/uploads\/2025\/07\/3-1024x768.png\" alt=\"\" class=\"wp-image-397\" style=\"width:1031px;height:auto\" srcset=\"https:\/\/sol-hydro.com\/wp-content\/uploads\/2025\/07\/3-1024x768.png 1024w, https:\/\/sol-hydro.com\/wp-content\/uploads\/2025\/07\/3-300x225.png 300w, https:\/\/sol-hydro.com\/wp-content\/uploads\/2025\/07\/3-2000x1500.png 2000w\" sizes=\"auto, (max-width: 1024px) 100vw, 1024px\" \/><\/figure>\n\n\n\n<p><\/p>\n","protected":false},"excerpt":{"rendered":"<p>Histoire du lieu Le site est install\u00e9 en d\u00e9rivation du cours d\u2019eau le Ger, route de Soueich \u00e0 1,3 km au nord-ouest du centre historique d\u2019Aspet. Un droit fond\u00e9 sur titre est un droit \u00e9tabli par un titre r\u00e8glementant les ouvrages et r\u00e9dig\u00e9 entre 1790 et 1919. 1880&nbsp;: Sieur Nigoul, n\u00e9gociant de l\u2019\u00e9poque, re\u00e7oit par &hellip; <\/p>\n<p class=\"link-more\"><a href=\"https:\/\/sol-hydro.com\/index.php\/moulin-de-las-graoures\/\" class=\"more-link\">Lire la suite de<span class=\"screen-reader-text\">\u00ab\u00a0Moulin de Las Graoures\u00a0\u00bb<\/span><\/a><\/p>\n","protected":false},"author":1,"featured_media":64,"parent":0,"menu_order":0,"comment_status":"closed","ping_status":"closed","template":"","meta":{"footnotes":""},"class_list":["post-12","page","type-page","status-publish","has-post-thumbnail","hentry"],"jetpack_sharing_enabled":true,"_links":{"self":[{"href":"https:\/\/sol-hydro.com\/index.php\/wp-json\/wp\/v2\/pages\/12","targetHints":{"allow":["GET"]}}],"collection":[{"href":"https:\/\/sol-hydro.com\/index.php\/wp-json\/wp\/v2\/pages"}],"about":[{"href":"https:\/\/sol-hydro.com\/index.php\/wp-json\/wp\/v2\/types\/page"}],"author":[{"embeddable":true,"href":"https:\/\/sol-hydro.com\/index.php\/wp-json\/wp\/v2\/users\/1"}],"replies":[{"embeddable":true,"href":"https:\/\/sol-hydro.com\/index.php\/wp-json\/wp\/v2\/comments?post=12"}],"version-history":[{"count":24,"href":"https:\/\/sol-hydro.com\/index.php\/wp-json\/wp\/v2\/pages\/12\/revisions"}],"predecessor-version":[{"id":413,"href":"https:\/\/sol-hydro.com\/index.php\/wp-json\/wp\/v2\/pages\/12\/revisions\/413"}],"wp:featuredmedia":[{"embeddable":true,"href":"https:\/\/sol-hydro.com\/index.php\/wp-json\/wp\/v2\/media\/64"}],"wp:attachment":[{"href":"https:\/\/sol-hydro.com\/index.php\/wp-json\/wp\/v2\/media?parent=12"}],"curies":[{"name":"wp","href":"https:\/\/api.w.org\/{rel}","templated":true}]}}