

{"id":178,"date":"2024-11-23T22:17:37","date_gmt":"2024-11-23T21:17:37","guid":{"rendered":"https:\/\/sol-hydro.com\/?page_id=178"},"modified":"2024-12-25T20:19:53","modified_gmt":"2024-12-25T19:19:53","slug":"autoconsommation-collective","status":"publish","type":"page","link":"https:\/\/sol-hydro.com\/index.php\/autoconsommation-collective\/","title":{"rendered":"L&#8217;autoconsommation collective c&#8217;est quoi ?"},"content":{"rendered":"\n<p>Voici le d\u00e9finition propos\u00e9 par Energie Partag\u00e9e :<\/p>\n\n\n\n<p><\/p>\n\n\n\n<h2 class=\"wp-block-heading\" id=\"partie-1\">L\u2019autoconsommation collective en bref<\/h2>\n\n\n\n<p>Une AMAP o\u00f9 les watts remplacent les tomates : cette analogie employ\u00e9e par certains acteurs du secteur illustre bien ce qu\u2019est une op\u00e9ration d\u2019ACC. Plus pr\u00e9cis\u00e9ment, il s\u2019agit d\u2019un mod\u00e8le dans lequel plusieurs acteurs s\u2019associent, afin de produire de l\u2019\u00e9nergie localement (en g\u00e9n\u00e9ral, gr\u00e2ce \u00e0 des centrales solaires) et la consommer entre eux. Contrairement \u00e0 une op\u00e9ration classique, dans laquelle un particulier vend \u00e0 EDF le surplus de la production \u00e9lectrique de sa propre toiture, l\u2019objectif ici est bel et bien de partager l\u2019\u00e9lectricit\u00e9 entre \u201cvoisins\u201d.<\/p>\n\n\n\n<p>Concr\u00e8tement, au sein d\u2019une op\u00e9ration, les&nbsp;membres producteurs se r\u00e9mun\u00e8rent sur la vente d\u2019\u00e9lectricit\u00e9 aux membres consommateurs, dans des conditions qui doivent \u00eatre avantageuses \u00e0 la fois pour le producteur (qui vend a minima aussi cher que s\u2019il avait vendu son surplus \u00e0 EDF en obligation d\u2019achat) et pour le consommateur (qui paye le kWh \u00e0 un tarif \u00e9quivalent ou inf\u00e9rieur \u00e0 celui de son fournisseur actuel).&nbsp;<\/p>\n\n\n\n<p>L\u2019un des int\u00e9r\u00eats phares de l\u2019autoconsommation collective est clair : les participants \u00e0 l\u2019op\u00e9ration vont d\u00e9finir ensemble les meilleures conditions d\u2019\u00e9change et faire en sorte qu\u2019un maximum de l\u2019\u00e9nergie produite localement soit utilis\u00e9e localement. Le cas \u00e9ch\u00e9ant, ils peuvent avoir recours \u00e0 des solutions de pilotage, qui permettent de d\u00e9caler certaines consommations pour les faire correspondre aux p\u00e9riodes de plus forte production. Au-del\u00e0 de la question purement \u00e9conomique, d\u2019autres \u00e9l\u00e9ments peuvent entrer en jeu dans les arbitrages pris en commun par les participants : les valeurs du projet, son statut de projet pilote, etc.<\/p>\n\n\n\n<h3 class=\"wp-block-heading\">Les 3 r\u00e8gles de l\u2019ACC<\/h3>\n\n\n\n<ul class=\"wp-block-list\">\n<li>Les membres doivent se regrouper au sein d\u2019une entit\u00e9 juridique, la personne morale organisatrice (PMO);<\/li>\n\n\n\n<li>Ils doivent \u00eatre proches g\u00e9ographiquement : en 2024, le p\u00e9rim\u00e8tre d\u2019une op\u00e9ration d\u2019ACC est fix\u00e9, hors d\u00e9rogation, \u00e0 2\u202fkm en ville, 10\u202fkm en zone p\u00e9riurbaine et 20\u202fkm en zone rurale (ces distances s\u2019entendent \u00e0 vol d\u2019oiseau, entre le producteur et le consommateur les plus \u00e9loign\u00e9s l\u2019un de l\u2019autre);<\/li>\n\n\n\n<li>La puissance cumul\u00e9e des installations de production doit \u00eatre inf\u00e9rieure ou \u00e9gale \u00e0 3\u202fMW.<\/li>\n<\/ul>\n\n\n\n<h3 class=\"wp-block-heading\">ACI et ACC, quelle diff\u00e9rence ?<\/h3>\n\n\n\n<p>Dans une autoconsommation individuelle (ACI), l\u2019\u00e9lectricit\u00e9 est consomm\u00e9e en direct sans passer par le r\u00e9seau de distribution (hormis l\u2019\u00e9ventuel surplus, revendu en injection sur le r\u00e9seau). \u00c0 l\u2019inverse, dans une op\u00e9ration d\u2019autoconsommation collective, l\u2019\u00e9nergie produite et partag\u00e9e transite via le r\u00e9seau de distribution de l\u2019\u00e9lectricit\u00e9. Il faut donc s\u2019acquitter des taxes d\u2019utilisation de ce dernier !<\/p>\n\n\n\n<p>En revanche, il convient de ne pas opposer ces deux modes de valorisation de l\u2019\u00e9nergie. Dans les faits, les op\u00e9rations mixent souvent des producteurs qui autoconsomment d\u2019abord l\u2019\u00e9lectricit\u00e9 produite pour couvrir leurs proposes besoins (ACI), et qui partagent le surplus sur le r\u00e9seau pour le vendre aux membres de l\u2019op\u00e9ration d\u2019ACC.<\/p>\n\n\n\n<h2 class=\"wp-block-heading\" id=\"partie-2\">L\u2019autoconsommation collective, comment \u00e7a marche ?<\/h2>\n\n\n\n<p>Une image valant mille mots, voici un sch\u00e9ma illustrant la boucle de l\u2019autoconsommation collective.<a href=\"https:\/\/energie-partagee.org\/wp-content\/uploads\/2024\/06\/capture-decran-2024-06-11-a-225007.png?_gl=1*1wgcvtl*_up*MQ..*_ga*MTkyOTk3NzE5NC4xNzM1MTUzNzMw*_ga_0QR66DZCGL*MTczNTE1MzcyOS4xLjAuMTczNTE1MzcyOS4wLjAuMA..\"><\/a><\/p>\n\n\n\n<figure class=\"wp-block-image size-large\"><img loading=\"lazy\" decoding=\"async\" width=\"1024\" height=\"472\" src=\"http:\/\/sol-hydro.com\/wp-content\/uploads\/2024\/12\/image-1024x472.png\" alt=\"\" class=\"wp-image-233\" srcset=\"https:\/\/sol-hydro.com\/wp-content\/uploads\/2024\/12\/image-1024x472.png 1024w, https:\/\/sol-hydro.com\/wp-content\/uploads\/2024\/12\/image-300x138.png 300w, https:\/\/sol-hydro.com\/wp-content\/uploads\/2024\/12\/image.png 1152w\" sizes=\"auto, (max-width: 1024px) 100vw, 1024px\" \/><\/figure>\n\n\n\n<h2 class=\"wp-block-heading\">Communaut\u00e9 \u00e9nerg\u00e9tique et autoconsommation collective, quelle diff\u00e9rence ?<\/h2>\n\n\n\n<p>Une communaut\u00e9 \u00e9nerg\u00e9tique d\u00e9signe une personne morale dont l\u2019objectif premier est de fournir des avantages environnementaux, \u00e9conomiques ou sociaux \u00e0 ses actionnaires ou \u00e0 ses membres ou aux territoires locaux o\u00f9 elle exerce ses activit\u00e9s, plut\u00f4t que de g\u00e9n\u00e9rer des profits financiers. Sa gouvernance et ses modalit\u00e9s de participation doivent respecter un certain nombre de crit\u00e8res. Les communaut\u00e9s \u00e9nerg\u00e9tiques peuvent r\u00e9aliser diff\u00e9rentes activit\u00e9s dont l\u2019autoconsommation collective, mais aussi la production, la vente ou encore l\u2019agr\u00e9gation (liste non exhaustive).<\/p>\n\n\n\n<p>Une op\u00e9ration d\u2019autoconsommation collective est un mode de gestion de la production \u00e9lectrique consistant \u00e0 r\u00e9partir la production entre les participants. L\u2019ACC est l\u2019une des activit\u00e9s parmi d\u2019autres qu\u2019une communaut\u00e9 \u00e9nerg\u00e9tique a le droit, et non l\u2019obligation, de r\u00e9aliser. Nul besoin d\u2019\u00eatre une communaut\u00e9 \u00e9nerg\u00e9tique pour faire de l\u2019ACC, nul besoin de faire de l\u2019ACC pour correspondre \u00e0 la d\u00e9finition de communaut\u00e9 \u00e9nerg\u00e9tique.<\/p>\n\n\n\n<p>Lire leur\u00a0<a href=\"https:\/\/energie-partagee.org\/quelle-est-la-difference-entre-autoconsommation-collective-et-communaute-energetique\/\" target=\"_blank\" rel=\"noreferrer noopener\">article d\u00e9di\u00e9<\/a>\u00a0pour en savoir plus<\/p>\n\n\n\n<h2 class=\"wp-block-heading\" id=\"partie-3\">Qui peut se lancer dans l\u2019autoconsommation collective et comment ?<\/h2>\n\n\n\n<p>Selon Enedis, 379 op\u00e9rations sont actives en France (l\u2019Occitanie et le Grand Est en t\u00eate) en 2024, soit une augmentation de plus de 100\u202f% par rapport \u00e0 l\u2019ann\u00e9e 2023. L\u2019ACC est en plein essor, et pour cause : entreprises, collectivit\u00e9s, citoyens, tout le monde peut se lancer !<\/p>\n\n\n\n<h3 class=\"wp-block-heading\">Entreprises : l\u2019ACC pour r\u00e9duire ses factures et r\u00e9pondre aux enjeux de RSE<\/h3>\n\n\n\n<p>Pour les entreprises qui ne b\u00e9n\u00e9ficient pas du tarif r\u00e9glement\u00e9 de l\u2019\u00e9lectricit\u00e9, l\u2019autoconsommation collective constitue un moyen possible de r\u00e9duire les co\u00fbts \u00e9nerg\u00e9tiques, tout en valorisant leurs b\u00e2tis (toitures de bureaux, ombri\u00e8res, etc.). La production d\u2019une \u00e9nergie renouvelable abordable et sa consommation en circuit court peut par ailleurs s\u2019inscrire dans les objectifs RSE des organisations. Depuis le 1er&nbsp;juillet 2023, de nouvelles r\u00e9glementations obligent les entreprises \u00e0 installer des panneaux solaires sur au moins 30\u202f% de leurs constructions neuves ou existantes. Ces centrales d\u00e9j\u00e0 op\u00e9rationnelles ouvrent la porte \u00e0 de potentielles ACC qui, dans certains cas, apportent une rentabilit\u00e9 suppl\u00e9mentaire.<\/p>\n\n\n\n<h3 class=\"wp-block-heading\">Collectivit\u00e9s : faire baisser les co\u00fbts et valoriser son territoire<\/h3>\n\n\n\n<p>De plus en plus de collectivit\u00e9s mettent en place des ACC patrimoniales, qui valorisent les toitures des b\u00e2timents publics et font baisser les factures d\u2019\u00e9lectricit\u00e9 des communes en alimentant leurs services (mairie ou \u00e9cole, par exemple). Il est \u00e9galement possible de dimensionner les installations pour faire entrer habitants et\/ou entreprises locales dans l\u2019op\u00e9ration d\u2019autoconsommation, qui peuvent alors profiter d\u2019une \u00e9nergie \u00e0 prix ma\u00eetris\u00e9 : on parle dans ce cas d\u2019ACC \u00ab ouvertes \u00bb, qui contribuent \u00e0 l\u2019attractivit\u00e9 du territoire.<\/p>\n\n\n\n<h3 class=\"wp-block-heading\">Citoyens : devenir producteur d&#8217;\u00e9nergie et b\u00e9n\u00e9ficier d&#8217;une \u00e9nergie locale<\/h3>\n\n\n\n<p>Comme dans tout projet d\u2019\u00e9nergie citoyenne, l\u2019ACC permet \u00e0 des habitants de devenir co-producteurs d\u2019\u00e9nergie renouvelable, en investissant dans un moyen de production \u2013 pas forc\u00e9ment sur leur propre toit. Ils peuvent \u00e9galement entrer dans l\u2019op\u00e9ration en tant que consommateur \u2013 par engagement, pour b\u00e9n\u00e9ficier d\u2019un tarif ma\u00eetris\u00e9, etc. \u2013 ou devenir eux-m\u00eames producteurs pour revendre leur \u00e9nergie aux autres membres. Il faut garder \u00e0 l\u2019esprit que toute autoconsommation qui int\u00e8gre des citoyens (au sens d\u2019individus physiques) n\u2019est pas automatiquement citoyenne. Pour le devenir, des citoyens doivent \u00e9videmment investir dans l\u2019op\u00e9ration, mais pas seulement : l\u2019op\u00e9ration d\u2019ACC doit \u00eatre&nbsp;<a href=\"https:\/\/energie-partagee.org\/decouvrir\/energie-citoyenne\/label-charte-energie-partagee\/\">labellis\u00e9e Energie Partag\u00e9e<\/a>. On attendra \u00e9galement d\u2019une op\u00e9ration d\u2019ACC citoyenne d\u2019aller plus loin sur des questions relatives \u00e0 l\u2019inclusion, la vie d\u00e9mocratique et la sensibilisation.<\/p>\n\n\n\n<p><\/p>\n\n\n\n<p>Source : <a href=\"https:\/\/energie-partagee.org\/autoconsommation-collective-citoyenne-lessentiel\/\">https:\/\/energie-partagee.org\/autoconsommation-collective-citoyenne-lessentiel\/<\/a><\/p>\n\n\n\n<p><\/p>\n","protected":false},"excerpt":{"rendered":"<p>Voici le d\u00e9finition propos\u00e9 par Energie Partag\u00e9e : L\u2019autoconsommation collective en bref Une AMAP o\u00f9 les watts remplacent les tomates : cette analogie employ\u00e9e par certains acteurs du secteur illustre bien ce qu\u2019est une op\u00e9ration d\u2019ACC. Plus pr\u00e9cis\u00e9ment, il s\u2019agit d\u2019un mod\u00e8le dans lequel plusieurs acteurs s\u2019associent, afin de produire de l\u2019\u00e9nergie localement (en g\u00e9n\u00e9ral, &hellip; <\/p>\n<p class=\"link-more\"><a href=\"https:\/\/sol-hydro.com\/index.php\/autoconsommation-collective\/\" class=\"more-link\">Lire la suite de<span class=\"screen-reader-text\">\u00ab\u00a0L&#8217;autoconsommation collective c&#8217;est quoi ?\u00a0\u00bb<\/span><\/a><\/p>\n","protected":false},"author":1,"featured_media":0,"parent":0,"menu_order":0,"comment_status":"closed","ping_status":"closed","template":"","meta":{"footnotes":""},"class_list":["post-178","page","type-page","status-publish","hentry"],"jetpack_sharing_enabled":true,"_links":{"self":[{"href":"https:\/\/sol-hydro.com\/index.php\/wp-json\/wp\/v2\/pages\/178","targetHints":{"allow":["GET"]}}],"collection":[{"href":"https:\/\/sol-hydro.com\/index.php\/wp-json\/wp\/v2\/pages"}],"about":[{"href":"https:\/\/sol-hydro.com\/index.php\/wp-json\/wp\/v2\/types\/page"}],"author":[{"embeddable":true,"href":"https:\/\/sol-hydro.com\/index.php\/wp-json\/wp\/v2\/users\/1"}],"replies":[{"embeddable":true,"href":"https:\/\/sol-hydro.com\/index.php\/wp-json\/wp\/v2\/comments?post=178"}],"version-history":[{"count":3,"href":"https:\/\/sol-hydro.com\/index.php\/wp-json\/wp\/v2\/pages\/178\/revisions"}],"predecessor-version":[{"id":236,"href":"https:\/\/sol-hydro.com\/index.php\/wp-json\/wp\/v2\/pages\/178\/revisions\/236"}],"wp:attachment":[{"href":"https:\/\/sol-hydro.com\/index.php\/wp-json\/wp\/v2\/media?parent=178"}],"curies":[{"name":"wp","href":"https:\/\/api.w.org\/{rel}","templated":true}]}}