

{"id":60,"date":"2024-10-27T15:21:18","date_gmt":"2024-10-27T14:21:18","guid":{"rendered":"https:\/\/sol-hydro.com\/?page_id=60"},"modified":"2025-07-17T18:38:35","modified_gmt":"2025-07-17T16:38:35","slug":"photovoltaique","status":"publish","type":"page","link":"https:\/\/sol-hydro.com\/index.php\/photovoltaique\/","title":{"rendered":"Photovolta\u00efque"},"content":{"rendered":"\n<p><strong>R\u00e9duire sa facture d&#8217;\u00e9lectricit\u00e9 ?<br>Devenir autonome en \u00e9lectricit\u00e9 sans perdre en confort de vie ?<br><br>C&#8217;est possible !<br><\/strong><\/p>\n\n\n\n<p>Nous proposons de l&#8217;aide et des conseils pour le dimensionnement de votre installation en autoconsommation, pour une mise \u00e0 niveau, une mise \u00e0 jour de votre installation et le d\u00e9pannage de votre installation photovolta\u00efque.<br>Nous sommes particuli\u00e8rement sp\u00e9cialis\u00e9s sur les syst\u00e8me du fabricant &#8220;Victron Energy&#8221;<br>Assistance \u00e0 la conception (couplage AC et DC, autonomie et ESS)<\/p>\n\n\n\n<p>Le co\u00fbt d&#8217;une installation photovolta\u00efque vous inqui\u00e8te ?<br>Nous avons des solutions adapt\u00e9es \u00e0 tous les besoins, pour tous les budgets et \u00e9volutives dans le temps.<br><br>Quelques exemples de cas concrets :<br>&#8211; Diminuer sa facture d&#8217;\u00e9lectricit\u00e9 (anticiper la hausse des prix de l&#8217;\u00e9nergie).<br>&#8211; \u00catre autonome en \u00e9lectricit\u00e9 pour une maison\/b\u00e2timent existant ou neuf.<br>&#8211; Une installation photovolta\u00efque est d\u00e9j\u00e0 existante, il est possible de la compl\u00e9ter pour optimiser son autoconsommation.<br>&#8211; Produire de l&#8217;\u00e9nergie pour avoir un compl\u00e9ment de revenus en revente totale.<br>&#8211; Am\u00e9liorer une installation photovolta\u00efque existante.<br>&#8211; Se pr\u00e9munir des coupures de courant et du d\u00e9lestage.<br>&#8211; &#8230;<\/p>\n\n\n\n<p><\/p>\n\n\n\n<p>Nous pouvons \u00e9galement vous proposer des kits adapt\u00e9s \u00e0 vos besoins et pr\u00eats \u00e0 \u00eatre install\u00e9s avec un suivi et des conseils durant l&#8217;installation.<br>Une \u00e9tude de votre consommation \u00e9lectrique sera r\u00e9alis\u00e9e en amont afin de vous proposer le mat\u00e9riel le plus adapt\u00e9 \u00e0 votre situation.<\/p>\n\n\n\n<p><\/p>\n","protected":false},"excerpt":{"rendered":"<p>R\u00e9duire sa facture d&#8217;\u00e9lectricit\u00e9 ?Devenir autonome en \u00e9lectricit\u00e9 sans perdre en confort de vie ? C&#8217;est possible ! Nous proposons de l&#8217;aide et des conseils pour le dimensionnement de votre installation en autoconsommation, pour une mise \u00e0 niveau, une mise \u00e0 jour de votre installation et le d\u00e9pannage de votre installation photovolta\u00efque.Nous sommes particuli\u00e8rement sp\u00e9cialis\u00e9s &hellip; <\/p>\n<p class=\"link-more\"><a href=\"https:\/\/sol-hydro.com\/index.php\/photovoltaique\/\" class=\"more-link\">Lire la suite de<span class=\"screen-reader-text\">\u00ab\u00a0Photovolta\u00efque\u00a0\u00bb<\/span><\/a><\/p>\n","protected":false},"author":1,"featured_media":138,"parent":0,"menu_order":0,"comment_status":"closed","ping_status":"closed","template":"","meta":{"footnotes":""},"class_list":["post-60","page","type-page","status-publish","has-post-thumbnail","hentry"],"jetpack_sharing_enabled":true,"_links":{"self":[{"href":"https:\/\/sol-hydro.com\/index.php\/wp-json\/wp\/v2\/pages\/60","targetHints":{"allow":["GET"]}}],"collection":[{"href":"https:\/\/sol-hydro.com\/index.php\/wp-json\/wp\/v2\/pages"}],"about":[{"href":"https:\/\/sol-hydro.com\/index.php\/wp-json\/wp\/v2\/types\/page"}],"author":[{"embeddable":true,"href":"https:\/\/sol-hydro.com\/index.php\/wp-json\/wp\/v2\/users\/1"}],"replies":[{"embeddable":true,"href":"https:\/\/sol-hydro.com\/index.php\/wp-json\/wp\/v2\/comments?post=60"}],"version-history":[{"count":39,"href":"https:\/\/sol-hydro.com\/index.php\/wp-json\/wp\/v2\/pages\/60\/revisions"}],"predecessor-version":[{"id":406,"href":"https:\/\/sol-hydro.com\/index.php\/wp-json\/wp\/v2\/pages\/60\/revisions\/406"}],"wp:featuredmedia":[{"embeddable":true,"href":"https:\/\/sol-hydro.com\/index.php\/wp-json\/wp\/v2\/media\/138"}],"wp:attachment":[{"href":"https:\/\/sol-hydro.com\/index.php\/wp-json\/wp\/v2\/media?parent=60"}],"curies":[{"name":"wp","href":"https:\/\/api.w.org\/{rel}","templated":true}]}}